{"id":17,"date":"2025-09-09T20:00:42","date_gmt":"2025-09-09T18:00:42","guid":{"rendered":"https:\/\/meine-test-website.online\/?page_id=17"},"modified":"2025-09-09T22:08:28","modified_gmt":"2025-09-09T20:08:28","slug":"raku-unikate","status":"publish","type":"page","link":"https:\/\/meine-test-website.online\/?page_id=17","title":{"rendered":"Raku-Unikate"},"content":{"rendered":"\n<h2 class=\"wp-block-heading\">Der Raku-Brand <\/h2>\n\n\n\n<p class=\"is-style-default\" style=\"padding-top:0;padding-right:var(--wp--preset--spacing--70);padding-bottom:0;padding-left:var(--wp--preset--spacing--70)\">&#8230; ist ein Feldbrand. So geht das &#8230;.<br>Ich wei\u00df es nicht genau, aber Bini wei\u00df es. <br>Ein Foto davon<\/p>\n\n\n\n<p class=\"is-style-default\" style=\"padding-top:0;padding-right:var(--wp--preset--spacing--70);padding-bottom:0;padding-left:var(--wp--preset--spacing--70)\">Das Layout gef\u00e4llt mir noch nicht, ich h\u00e4tte es gern \u00fcber die ganze Seitenbreite, aber das habe ich erst hinterher rausgekriegt, wie das geht. <br><\/p>\n\n\n\n<div class=\"wp-block-group is-layout-grid wp-container-core-group-is-layout-bae6891b wp-block-group-is-layout-grid\">\n<figure class=\"wp-block-image size-full\"><img loading=\"lazy\" decoding=\"async\" width=\"437\" height=\"295\" src=\"http:\/\/meine-test-website.online\/wp-content\/uploads\/2025\/09\/Rakugefaesse-8.jpg\" alt=\"\" class=\"wp-image-11\" srcset=\"https:\/\/meine-test-website.online\/wp-content\/uploads\/2025\/09\/Rakugefaesse-8.jpg 437w, https:\/\/meine-test-website.online\/wp-content\/uploads\/2025\/09\/Rakugefaesse-8-300x203.jpg 300w\" sizes=\"auto, (max-width: 437px) 100vw, 437px\" \/><\/figure>\n\n\n\n<figure class=\"wp-block-image size-full\"><img loading=\"lazy\" decoding=\"async\" width=\"640\" height=\"480\" src=\"http:\/\/meine-test-website.online\/wp-content\/uploads\/2025\/09\/raku2.jpg\" alt=\"\" class=\"wp-image-10\" srcset=\"https:\/\/meine-test-website.online\/wp-content\/uploads\/2025\/09\/raku2.jpg 640w, https:\/\/meine-test-website.online\/wp-content\/uploads\/2025\/09\/raku2-300x225.jpg 300w\" sizes=\"auto, (max-width: 640px) 100vw, 640px\" \/><\/figure>\n\n\n\n<figure class=\"wp-block-image size-full\"><img loading=\"lazy\" decoding=\"async\" width=\"640\" height=\"480\" src=\"http:\/\/meine-test-website.online\/wp-content\/uploads\/2025\/09\/Raku1.jpg\" alt=\"\" class=\"wp-image-9\" srcset=\"https:\/\/meine-test-website.online\/wp-content\/uploads\/2025\/09\/Raku1.jpg 640w, https:\/\/meine-test-website.online\/wp-content\/uploads\/2025\/09\/Raku1-300x225.jpg 300w\" sizes=\"auto, (max-width: 640px) 100vw, 640px\" \/><\/figure>\n\n\n\n<figure class=\"wp-block-image size-full\"><img loading=\"lazy\" decoding=\"async\" width=\"608\" height=\"412\" src=\"http:\/\/meine-test-website.online\/wp-content\/uploads\/2025\/09\/raku9.jpg\" alt=\"\" class=\"wp-image-8\" srcset=\"https:\/\/meine-test-website.online\/wp-content\/uploads\/2025\/09\/raku9.jpg 608w, https:\/\/meine-test-website.online\/wp-content\/uploads\/2025\/09\/raku9-300x203.jpg 300w\" sizes=\"auto, (max-width: 608px) 100vw, 608px\" \/><\/figure>\n\n\n\n<div class=\"wp-block-group is-layout-grid wp-container-core-group-is-layout-478b6e6b wp-block-group-is-layout-grid\">\n<figure class=\"wp-block-image size-full\"><img loading=\"lazy\" decoding=\"async\" width=\"416\" height=\"492\" src=\"https:\/\/meine-test-website.online\/wp-content\/uploads\/2025\/09\/raku10.jpg\" alt=\"\" class=\"wp-image-20\" srcset=\"https:\/\/meine-test-website.online\/wp-content\/uploads\/2025\/09\/raku10.jpg 416w, https:\/\/meine-test-website.online\/wp-content\/uploads\/2025\/09\/raku10-254x300.jpg 254w\" sizes=\"auto, (max-width: 416px) 100vw, 416px\" \/><\/figure>\n<\/div>\n\n\n\n<figure class=\"wp-block-image size-full\"><img loading=\"lazy\" decoding=\"async\" width=\"640\" height=\"480\" src=\"https:\/\/meine-test-website.online\/wp-content\/uploads\/2025\/09\/raku8.jpg\" alt=\"\" class=\"wp-image-22\" srcset=\"https:\/\/meine-test-website.online\/wp-content\/uploads\/2025\/09\/raku8.jpg 640w, https:\/\/meine-test-website.online\/wp-content\/uploads\/2025\/09\/raku8-300x225.jpg 300w\" sizes=\"auto, (max-width: 640px) 100vw, 640px\" \/><\/figure>\n<\/div>\n\n\n\n<div class=\"wp-block-group is-layout-grid wp-container-core-group-is-layout-73d44df6 wp-block-group-is-layout-grid\">\n<figure class=\"wp-block-image size-full\"><img loading=\"lazy\" decoding=\"async\" width=\"640\" height=\"480\" src=\"https:\/\/meine-test-website.online\/wp-content\/uploads\/2025\/09\/raku7.jpg\" alt=\"\" class=\"wp-image-24\" srcset=\"https:\/\/meine-test-website.online\/wp-content\/uploads\/2025\/09\/raku7.jpg 640w, https:\/\/meine-test-website.online\/wp-content\/uploads\/2025\/09\/raku7-300x225.jpg 300w\" sizes=\"auto, (max-width: 640px) 100vw, 640px\" \/><\/figure>\n\n\n\n<figure class=\"wp-block-image size-full\"><img loading=\"lazy\" decoding=\"async\" width=\"640\" height=\"480\" src=\"https:\/\/meine-test-website.online\/wp-content\/uploads\/2025\/09\/raku6.jpg\" alt=\"\" class=\"wp-image-25\" srcset=\"https:\/\/meine-test-website.online\/wp-content\/uploads\/2025\/09\/raku6.jpg 640w, https:\/\/meine-test-website.online\/wp-content\/uploads\/2025\/09\/raku6-300x225.jpg 300w\" sizes=\"auto, (max-width: 640px) 100vw, 640px\" \/><\/figure>\n\n\n\n<figure class=\"wp-block-image size-full\"><img loading=\"lazy\" decoding=\"async\" width=\"640\" height=\"480\" src=\"https:\/\/meine-test-website.online\/wp-content\/uploads\/2025\/09\/Raku5.jpg\" alt=\"\" class=\"wp-image-27\" srcset=\"https:\/\/meine-test-website.online\/wp-content\/uploads\/2025\/09\/Raku5.jpg 640w, https:\/\/meine-test-website.online\/wp-content\/uploads\/2025\/09\/Raku5-300x225.jpg 300w\" sizes=\"auto, (max-width: 640px) 100vw, 640px\" \/><\/figure>\n\n\n\n<figure class=\"wp-block-image size-full\"><img loading=\"lazy\" decoding=\"async\" width=\"640\" height=\"480\" src=\"https:\/\/meine-test-website.online\/wp-content\/uploads\/2025\/09\/Raku4.jpg\" alt=\"\" class=\"wp-image-28\" srcset=\"https:\/\/meine-test-website.online\/wp-content\/uploads\/2025\/09\/Raku4.jpg 640w, https:\/\/meine-test-website.online\/wp-content\/uploads\/2025\/09\/Raku4-300x225.jpg 300w\" sizes=\"auto, (max-width: 640px) 100vw, 640px\" \/><\/figure>\n<\/div>\n\n\n\n<div class=\"wp-block-group is-layout-grid wp-container-core-group-is-layout-73d44df6 wp-block-group-is-layout-grid\">\n<figure class=\"wp-block-image size-full\"><img loading=\"lazy\" decoding=\"async\" width=\"640\" height=\"480\" src=\"https:\/\/meine-test-website.online\/wp-content\/uploads\/2025\/09\/Raku3.jpg\" alt=\"\" class=\"wp-image-29\" srcset=\"https:\/\/meine-test-website.online\/wp-content\/uploads\/2025\/09\/Raku3.jpg 640w, https:\/\/meine-test-website.online\/wp-content\/uploads\/2025\/09\/Raku3-300x225.jpg 300w\" sizes=\"auto, (max-width: 640px) 100vw, 640px\" \/><\/figure>\n\n\n\n<figure class=\"wp-block-image size-full\"><img loading=\"lazy\" decoding=\"async\" width=\"640\" height=\"480\" src=\"https:\/\/meine-test-website.online\/wp-content\/uploads\/2025\/09\/Raku1-2.jpg\" alt=\"\" class=\"wp-image-31\" srcset=\"https:\/\/meine-test-website.online\/wp-content\/uploads\/2025\/09\/Raku1-2.jpg 640w, https:\/\/meine-test-website.online\/wp-content\/uploads\/2025\/09\/Raku1-2-300x225.jpg 300w\" sizes=\"auto, (max-width: 640px) 100vw, 640px\" \/><\/figure>\n<\/div>\n\n\n\n<figure class=\"wp-block-image size-full\"><img loading=\"lazy\" decoding=\"async\" width=\"640\" height=\"480\" src=\"http:\/\/meine-test-website.online\/wp-content\/uploads\/2025\/09\/raku7.jpg\" alt=\"\" class=\"wp-image-24\" srcset=\"https:\/\/meine-test-website.online\/wp-content\/uploads\/2025\/09\/raku7.jpg 640w, https:\/\/meine-test-website.online\/wp-content\/uploads\/2025\/09\/raku7-300x225.jpg 300w\" sizes=\"auto, (max-width: 640px) 100vw, 640px\" \/><\/figure>\n","protected":false},"excerpt":{"rendered":"<p>Der Raku-Brand &#8230; ist ein Feldbrand. So geht das &#8230;.Ich wei\u00df es nicht genau, aber Bini wei\u00df es. Ein Foto davon Das Layout gef\u00e4llt mir noch nicht, ich h\u00e4tte es gern \u00fcber die ganze Seitenbreite, aber das habe ich erst hinterher rausgekriegt, wie das geht.<\/p>\n","protected":false},"author":1,"featured_media":0,"parent":7,"menu_order":10,"comment_status":"closed","ping_status":"closed","template":"page-no-title","meta":{"footnotes":""},"class_list":["post-17","page","type-page","status-publish","hentry"],"_links":{"self":[{"href":"https:\/\/meine-test-website.online\/index.php?rest_route=\/wp\/v2\/pages\/17","targetHints":{"allow":["GET"]}}],"collection":[{"href":"https:\/\/meine-test-website.online\/index.php?rest_route=\/wp\/v2\/pages"}],"about":[{"href":"https:\/\/meine-test-website.online\/index.php?rest_route=\/wp\/v2\/types\/page"}],"author":[{"embeddable":true,"href":"https:\/\/meine-test-website.online\/index.php?rest_route=\/wp\/v2\/users\/1"}],"replies":[{"embeddable":true,"href":"https:\/\/meine-test-website.online\/index.php?rest_route=%2Fwp%2Fv2%2Fcomments&post=17"}],"version-history":[{"count":5,"href":"https:\/\/meine-test-website.online\/index.php?rest_route=\/wp\/v2\/pages\/17\/revisions"}],"predecessor-version":[{"id":81,"href":"https:\/\/meine-test-website.online\/index.php?rest_route=\/wp\/v2\/pages\/17\/revisions\/81"}],"up":[{"embeddable":true,"href":"https:\/\/meine-test-website.online\/index.php?rest_route=\/wp\/v2\/pages\/7"}],"wp:attachment":[{"href":"https:\/\/meine-test-website.online\/index.php?rest_route=%2Fwp%2Fv2%2Fmedia&parent=17"}],"curies":[{"name":"wp","href":"https:\/\/api.w.org\/{rel}","templated":true}]}}