{"id":56,"date":"2025-09-09T20:43:11","date_gmt":"2025-09-09T18:43:11","guid":{"rendered":"https:\/\/meine-test-website.online\/?page_id=56"},"modified":"2025-09-09T21:37:32","modified_gmt":"2025-09-09T19:37:32","slug":"kurse","status":"publish","type":"page","link":"https:\/\/meine-test-website.online\/?page_id=56","title":{"rendered":"Kurse"},"content":{"rendered":"\n<div class=\"wp-block-group alignfull has-global-padding is-layout-constrained wp-block-group-is-layout-constrained\" style=\"margin-top:0;margin-bottom:0;padding-top:var(--wp--preset--spacing--50);padding-bottom:var(--wp--preset--spacing--50)\">\n<div class=\"wp-block-columns alignwide is-layout-flex wp-container-core-columns-is-layout-47c06fe3 wp-block-columns-is-layout-flex\">\n<div class=\"wp-block-column is-layout-flow wp-block-column-is-layout-flow\" style=\"flex-basis:56%\">\n<figure class=\"wp-block-image size-full\"><img loading=\"lazy\" decoding=\"async\" width=\"456\" height=\"308\" src=\"https:\/\/meine-test-website.online\/wp-content\/uploads\/2025\/09\/Kurse-3.jpg\" alt=\"\" class=\"wp-image-57\" style=\"aspect-ratio:1;object-fit:cover\" srcset=\"https:\/\/meine-test-website.online\/wp-content\/uploads\/2025\/09\/Kurse-3.jpg 456w, https:\/\/meine-test-website.online\/wp-content\/uploads\/2025\/09\/Kurse-3-300x203.jpg 300w\" sizes=\"auto, (max-width: 456px) 100vw, 456px\" \/><\/figure>\n<\/div>\n\n\n\n<div class=\"wp-block-column is-vertically-aligned-center is-layout-flow wp-container-core-column-is-layout-119bc444 wp-block-column-is-layout-flow\">\n<p><strong>Donnerstags abends in meiner Werkstatt von 19:00 &#8211; 21:30 Uhr<\/strong><br><strong>Die Teilnehmerzahl ist auf 6 Personen begrenzt.<\/strong><\/p>\n\n\n\n<p>Hier k\u00f6nnen Sie den Umgang mit Ton kennen lernen und unter fachlicher Anleitung nach eigenen Vorstellungen Keramiken fertigen.\u00a0<br>Aus der urspr\u00fcnglichen Idee wachsen \u00fcber mehrere Abende die Dinge und reifen bis zum fertigen St\u00fcck.\u00a0<br>Die Themenwahl ist frei, es k\u00f6nnen Gef\u00e4\u00dfe, fig\u00fcrliche Arbeiten oder Reliefs entstehen.\u00a0<br>Die am h\u00e4ufigsten verwendeten Techniken sind das Aufbauen, das Formen aus Tonplatten und das freie Modellieren.\u00a0<br>Wer gerne das freie Drehen lernen m\u00f6chte, dem stehen zwei elektrische Drehscheiben zur Verf\u00fcgung. Es ist allerdings ein l\u00e4ngerer Lernprozess, bis man das Freidrehen beherrscht.<br>3 verschiedenfarbige Tone, s\u00e4mtliche von mir entwickelten Glasuren und alles Werkzeug stehen zur Verf\u00fcgung.\u00a0<br>Die fertigen Arbeiten werden im Elektroofen bei 1240 Grad gebrannt und sind voll alltagstauglich.\u00a0<\/p>\n<\/div>\n<\/div>\n<\/div>\n\n\n\n<div class=\"wp-block-group alignfull has-global-padding is-layout-constrained wp-block-group-is-layout-constrained\" style=\"margin-top:0;margin-bottom:0;padding-top:var(--wp--preset--spacing--50);padding-bottom:var(--wp--preset--spacing--50)\">\n<div class=\"wp-block-group alignwide is-layout-grid wp-container-core-group-is-layout-840b37f5 wp-block-group-is-layout-grid\">\n<div class=\"wp-block-group is-vertical is-layout-flex wp-container-core-group-is-layout-d6b9ab57 wp-block-group-is-layout-flex\">\n<h2 class=\"wp-block-heading has-x-large-font-size\">Arbeiten von Kursteilnehmern <\/h2>\n<\/div>\n\n\n\n<div class=\"wp-block-group is-vertical is-content-justification-stretch is-layout-flex wp-container-core-group-is-layout-353c4f5a wp-block-group-is-layout-flex\">\n<div class=\"wp-block-cover\"><img decoding=\"async\" class=\"wp-block-cover__image-background\" alt=\"Nahaufnahme einer roten Flamingoblume.\" src=\"https:\/\/meine-test-website.online\/wp-content\/themes\/twentytwentyfive\/assets\/images\/category-anthuriums.webp\" data-object-fit=\"cover\"\/><span aria-hidden=\"true\" class=\"wp-block-cover__background has-background-dim-0 has-background-dim\" style=\"background-color:#833d3a\"><\/span><div class=\"wp-block-cover__inner-container has-global-padding is-layout-constrained wp-block-cover-is-layout-constrained\">\n<div style=\"height:var(--wp--preset--spacing--20)\" aria-hidden=\"true\" class=\"wp-block-spacer\"><\/div>\n<\/div><\/div>\n\n\n\n<p class=\"has-text-align-center\">Flamingoblumen<\/p>\n<\/div>\n\n\n\n<div class=\"wp-block-group is-vertical is-content-justification-stretch is-layout-flex wp-container-core-group-is-layout-353c4f5a wp-block-group-is-layout-flex\">\n<div class=\"wp-block-cover is-light\"><img decoding=\"async\" class=\"wp-block-cover__image-background\" alt=\"\" src=\"https:\/\/meine-test-website.online\/wp-content\/themes\/twentytwentyfive\/assets\/images\/category-cactus.webp\" data-object-fit=\"cover\"\/><span aria-hidden=\"true\" class=\"wp-block-cover__background has-background-dim-0 has-background-dim\" style=\"background-color:#828282\"><\/span><div class=\"wp-block-cover__inner-container has-global-padding is-layout-constrained wp-block-cover-is-layout-constrained\">\n<div style=\"height:var(--wp--preset--spacing--20)\" aria-hidden=\"true\" class=\"wp-block-spacer\"><\/div>\n<\/div><\/div>\n\n\n\n<p class=\"has-text-align-center\">Kaktus<\/p>\n<\/div>\n\n\n\n<div class=\"wp-block-group is-vertical is-content-justification-stretch is-layout-flex wp-container-core-group-is-layout-353c4f5a wp-block-group-is-layout-flex\">\n<div class=\"wp-block-cover is-light\"><img decoding=\"async\" class=\"wp-block-cover__image-background\" alt=\"\" src=\"https:\/\/meine-test-website.online\/wp-content\/themes\/twentytwentyfive\/assets\/images\/category-sunflowers.webp\" data-object-fit=\"cover\"\/><span aria-hidden=\"true\" class=\"wp-block-cover__background has-background-dim-0 has-background-dim\" style=\"background-color:#d6bc98\"><\/span><div class=\"wp-block-cover__inner-container has-global-padding is-layout-constrained wp-block-cover-is-layout-constrained\">\n<div style=\"height:var(--wp--preset--spacing--20)\" aria-hidden=\"true\" class=\"wp-block-spacer\"><\/div>\n<\/div><\/div>\n\n\n\n<p class=\"has-text-align-center\">Sonnenblumen<\/p>\n<\/div>\n<\/div>\n<\/div>\n\n\n\n<div class=\"wp-block-group alignfull has-global-padding is-layout-constrained wp-block-group-is-layout-constrained\" style=\"margin-top:0;margin-bottom:0;padding-top:var(--wp--preset--spacing--50);padding-bottom:var(--wp--preset--spacing--50)\">\n<div class=\"wp-block-group alignwide is-layout-grid wp-container-core-group-is-layout-21f393a4 wp-block-group-is-layout-grid\">\n<div class=\"wp-block-group is-style-section-3 has-global-padding is-layout-constrained wp-block-group-is-layout-constrained is-style-section-3--1\" style=\"min-height:297px\">\n<div class=\"wp-block-group is-vertical is-content-justification-center is-layout-flex wp-container-core-group-is-layout-4aa192bb wp-block-group-is-layout-flex\" style=\"min-height:100%\">\n<h2 class=\"wp-block-heading has-large-font-size\">Instagram<\/h2>\n\n\n\n<p class=\"has-text-align-center has-medium-font-size\"><a href=\"#\">@beispiel<\/a><\/p>\n<\/div>\n<\/div>\n\n\n\n<figure class=\"wp-block-image size-full\"><img decoding=\"async\" src=\"https:\/\/meine-test-website.online\/wp-content\/themes\/twentytwentyfive\/assets\/images\/flower-meadow-square.webp\" alt=\"Foto eines Felds voller Blumen, einem blauen Himmel und einem Baum.\" style=\"aspect-ratio:1;object-fit:cover\"\/><\/figure>\n\n\n\n<figure class=\"wp-block-image size-full\"><img decoding=\"async\" src=\"https:\/\/meine-test-website.online\/wp-content\/themes\/twentytwentyfive\/assets\/images\/vash-gon-square.webp\" alt=\"Profilportr\u00e4t einer einheimischen Person.\" style=\"aspect-ratio:1;object-fit:cover\"\/><\/figure>\n\n\n\n<figure class=\"wp-block-image size-full\"><img decoding=\"async\" src=\"https:\/\/meine-test-website.online\/wp-content\/themes\/twentytwentyfive\/assets\/images\/coral-square.webp\" alt=\"Blick auf die Tiefsee.\" style=\"aspect-ratio:1;object-fit:cover\"\/><\/figure>\n\n\n\n<figure class=\"wp-block-image size-full\"><img decoding=\"async\" src=\"https:\/\/meine-test-website.online\/wp-content\/themes\/twentytwentyfive\/assets\/images\/agenda-img-4.webp\" alt=\"Portr\u00e4t einer afrikanischen Frau in traditioneller Tracht, die dekorativen Schmuck tr\u00e4gt.\" style=\"aspect-ratio:1;object-fit:cover\"\/><\/figure>\n\n\n\n<figure class=\"wp-block-image size-full\"><img decoding=\"async\" src=\"https:\/\/meine-test-website.online\/wp-content\/themes\/twentytwentyfive\/assets\/images\/parthenon-square.webp\" alt=\"Die Akropolis in Athen.\" style=\"aspect-ratio:1;object-fit:cover\"\/><\/figure>\n\n\n\n<figure class=\"wp-block-image size-full\"><img decoding=\"async\" src=\"https:\/\/meine-test-website.online\/wp-content\/themes\/twentytwentyfive\/assets\/images\/dallas-creek-square.webp\" alt=\"Nahaufnahme zweier Blumen auf dunklem Hintergrund.\" style=\"aspect-ratio:1;object-fit:cover\"\/><\/figure>\n\n\n\n<figure class=\"wp-block-image size-full\"><img decoding=\"async\" src=\"https:\/\/meine-test-website.online\/wp-content\/themes\/twentytwentyfive\/assets\/images\/marshland-birds-square.webp\" alt=\"V\u00f6gel auf einem See.\" style=\"aspect-ratio:1;object-fit:cover\"\/><\/figure>\n<\/div>\n<\/div>\n","protected":false},"excerpt":{"rendered":"<p>Donnerstags abends in meiner Werkstatt von 19:00 &#8211; 21:30 UhrDie Teilnehmerzahl ist auf 6 Personen begrenzt. Hier k\u00f6nnen Sie den Umgang mit Ton kennen lernen und unter fachlicher Anleitung nach eigenen Vorstellungen Keramiken fertigen.\u00a0Aus der urspr\u00fcnglichen Idee wachsen \u00fcber mehrere Abende die Dinge und reifen bis zum fertigen St\u00fcck.\u00a0Die Themenwahl ist frei, es k\u00f6nnen Gef\u00e4\u00dfe, [&hellip;]<\/p>\n","protected":false},"author":1,"featured_media":0,"parent":7,"menu_order":30,"comment_status":"closed","ping_status":"closed","template":"","meta":{"footnotes":""},"class_list":["post-56","page","type-page","status-publish","hentry"],"_links":{"self":[{"href":"https:\/\/meine-test-website.online\/index.php?rest_route=\/wp\/v2\/pages\/56","targetHints":{"allow":["GET"]}}],"collection":[{"href":"https:\/\/meine-test-website.online\/index.php?rest_route=\/wp\/v2\/pages"}],"about":[{"href":"https:\/\/meine-test-website.online\/index.php?rest_route=\/wp\/v2\/types\/page"}],"author":[{"embeddable":true,"href":"https:\/\/meine-test-website.online\/index.php?rest_route=\/wp\/v2\/users\/1"}],"replies":[{"embeddable":true,"href":"https:\/\/meine-test-website.online\/index.php?rest_route=%2Fwp%2Fv2%2Fcomments&post=56"}],"version-history":[{"count":4,"href":"https:\/\/meine-test-website.online\/index.php?rest_route=\/wp\/v2\/pages\/56\/revisions"}],"predecessor-version":[{"id":78,"href":"https:\/\/meine-test-website.online\/index.php?rest_route=\/wp\/v2\/pages\/56\/revisions\/78"}],"up":[{"embeddable":true,"href":"https:\/\/meine-test-website.online\/index.php?rest_route=\/wp\/v2\/pages\/7"}],"wp:attachment":[{"href":"https:\/\/meine-test-website.online\/index.php?rest_route=%2Fwp%2Fv2%2Fmedia&parent=56"}],"curies":[{"name":"wp","href":"https:\/\/api.w.org\/{rel}","templated":true}]}}