{"id":7,"date":"2025-09-09T19:10:35","date_gmt":"2025-09-09T17:10:35","guid":{"rendered":"https:\/\/meine-test-website.online\/?page_id=7"},"modified":"2025-09-09T21:58:25","modified_gmt":"2025-09-09T19:58:25","slug":"sabine-rosenbach-keramikdesign","status":"publish","type":"page","link":"https:\/\/meine-test-website.online\/","title":{"rendered":"Sabine Rosenbach Keramikdesign in Wiesbaden"},"content":{"rendered":"\n<div class=\"wp-block-group alignfull has-global-padding is-layout-constrained wp-block-group-is-layout-constrained\" style=\"margin-top:0;margin-bottom:0;padding-top:var(--wp--preset--spacing--50);padding-bottom:var(--wp--preset--spacing--50)\">\n<div class=\"wp-block-columns alignwide is-layout-flex wp-container-core-columns-is-layout-47c06fe3 wp-block-columns-is-layout-flex\">\n<div class=\"wp-block-column is-layout-flow wp-block-column-is-layout-flow\" style=\"flex-basis:56%\">\n<figure class=\"wp-block-image size-full is-resized\"><img loading=\"lazy\" decoding=\"async\" width=\"569\" height=\"380\" src=\"https:\/\/meine-test-website.online\/wp-content\/uploads\/2025\/09\/Keramik3k.jpg\" alt=\"\" class=\"wp-image-12\" style=\"aspect-ratio:1;object-fit:cover;width:750px;height:auto\" srcset=\"https:\/\/meine-test-website.online\/wp-content\/uploads\/2025\/09\/Keramik3k.jpg 569w, https:\/\/meine-test-website.online\/wp-content\/uploads\/2025\/09\/Keramik3k-300x200.jpg 300w\" sizes=\"auto, (max-width: 569px) 100vw, 569px\" \/><\/figure>\n<\/div>\n\n\n\n<div class=\"wp-block-column is-vertically-aligned-center is-layout-flow wp-container-core-column-is-layout-119bc444 wp-block-column-is-layout-flow\">\n<h2 class=\"wp-block-heading\">Rakubrand<\/h2>\n\n\n\n<p><strong><br><\/strong>Hier schw\u00e4rzen Feuer und Rauch den Scherben und das Craquel\u00e9 der Glasur und brennen ihre typischen Spuren in jedes Gef\u00e4\u00df.<\/p>\n<\/div>\n<\/div>\n<\/div>\n\n\n\n<div class=\"wp-block-group alignfull has-global-padding is-layout-constrained wp-block-group-is-layout-constrained\" style=\"margin-top:0;margin-bottom:0;padding-top:var(--wp--preset--spacing--50);padding-bottom:var(--wp--preset--spacing--50)\">\n<div class=\"wp-block-group alignwide is-layout-grid wp-container-core-group-is-layout-840b37f5 wp-block-group-is-layout-grid\">\n<div class=\"wp-block-group is-vertical is-layout-flex wp-container-core-group-is-layout-d6b9ab57 wp-block-group-is-layout-flex\">\n<h2 class=\"wp-block-heading\">Aktuelles<\/h2>\n\n\n\n<p>Weihnachtsmarkt im Rathausfoyer Wiesbaden<br>12.12.-14.12.2025<br>Vernissage:<br>11.12.2025 19:00 Uhr<br><br><br><a href=\"https:\/\/www.kunsthandwerk-wiesbaden.de\/\" target=\"_blank\" rel=\"noreferrer noopener\">https:\/\/www.kunsthandwerk-wiesbaden.de\/<\/a><\/p>\n<\/div>\n\n\n\n<div class=\"wp-block-group is-vertical is-content-justification-stretch is-layout-flex wp-container-core-group-is-layout-353c4f5a wp-block-group-is-layout-flex\">\n<div class=\"wp-block-cover is-light\"><img loading=\"lazy\" decoding=\"async\" width=\"640\" height=\"480\" class=\"wp-block-cover__image-background wp-image-10 size-full\" alt=\"\" src=\"http:\/\/meine-test-website.online\/wp-content\/uploads\/2025\/09\/raku2.jpg\" data-object-fit=\"cover\" srcset=\"https:\/\/meine-test-website.online\/wp-content\/uploads\/2025\/09\/raku2.jpg 640w, https:\/\/meine-test-website.online\/wp-content\/uploads\/2025\/09\/raku2-300x225.jpg 300w\" sizes=\"auto, (max-width: 640px) 100vw, 640px\" \/><span aria-hidden=\"true\" class=\"wp-block-cover__background has-background-dim-0 has-background-dim\" style=\"background-color:#a5a4a0\"><\/span><div class=\"wp-block-cover__inner-container has-global-padding is-layout-constrained wp-block-cover-is-layout-constrained\">\n<div style=\"height:var(--wp--preset--spacing--20)\" aria-hidden=\"true\" class=\"wp-block-spacer\"><\/div>\n<\/div><\/div>\n\n\n\n<p class=\"has-text-align-center\"><a href=\"https:\/\/meine-test-website.online\/?page_id=17\" data-type=\"page\" data-id=\"17\">Raku-Unikate<\/a><\/p>\n<\/div>\n\n\n\n<div class=\"wp-block-group is-vertical is-content-justification-stretch is-layout-flex wp-container-core-group-is-layout-353c4f5a wp-block-group-is-layout-flex\">\n<div class=\"wp-block-cover\"><img loading=\"lazy\" decoding=\"async\" width=\"640\" height=\"480\" class=\"wp-block-cover__image-background wp-image-13 size-full\" alt=\"\" src=\"https:\/\/meine-test-website.online\/wp-content\/uploads\/2025\/09\/geschirr01.jpg\" data-object-fit=\"cover\" srcset=\"https:\/\/meine-test-website.online\/wp-content\/uploads\/2025\/09\/geschirr01.jpg 640w, https:\/\/meine-test-website.online\/wp-content\/uploads\/2025\/09\/geschirr01-300x225.jpg 300w\" sizes=\"auto, (max-width: 640px) 100vw, 640px\" \/><span aria-hidden=\"true\" class=\"wp-block-cover__background has-background-dim-0 has-background-dim\" style=\"background-color:#828282\"><\/span><div class=\"wp-block-cover__inner-container has-global-padding is-layout-constrained wp-block-cover-is-layout-constrained\">\n<div style=\"height:var(--wp--preset--spacing--20)\" aria-hidden=\"true\" class=\"wp-block-spacer\"><\/div>\n<\/div><\/div>\n\n\n\n<p class=\"has-text-align-center\"><a href=\"https:\/\/meine-test-website.online\/?page_id=42\" data-type=\"page\" data-id=\"42\">Geschirr<\/a><\/p>\n<\/div>\n\n\n\n<div class=\"wp-block-group is-vertical is-content-justification-stretch is-layout-flex wp-container-core-group-is-layout-353c4f5a wp-block-group-is-layout-flex\">\n<div class=\"wp-block-cover is-light\"><img loading=\"lazy\" decoding=\"async\" width=\"640\" height=\"480\" class=\"wp-block-cover__image-background wp-image-9 size-full\" alt=\"\" src=\"http:\/\/meine-test-website.online\/wp-content\/uploads\/2025\/09\/Raku1.jpg\" data-object-fit=\"cover\" srcset=\"https:\/\/meine-test-website.online\/wp-content\/uploads\/2025\/09\/Raku1.jpg 640w, https:\/\/meine-test-website.online\/wp-content\/uploads\/2025\/09\/Raku1-300x225.jpg 300w\" sizes=\"auto, (max-width: 640px) 100vw, 640px\" \/><span aria-hidden=\"true\" class=\"wp-block-cover__background has-background-dim-0 has-background-dim\" style=\"background-color:#d6bc98\"><\/span><div class=\"wp-block-cover__inner-container has-global-padding is-layout-constrained wp-block-cover-is-layout-constrained\">\n<div style=\"height:var(--wp--preset--spacing--20)\" aria-hidden=\"true\" class=\"wp-block-spacer\"><\/div>\n<\/div><\/div>\n\n\n\n<p class=\"has-text-align-center\"><a href=\"https:\/\/meine-test-website.online\/?page_id=56\" data-type=\"page\" data-id=\"56\">Kurse<\/a><\/p>\n<\/div>\n<\/div>\n<\/div>\n\n\n\n<div class=\"wp-block-group alignfull has-global-padding is-layout-constrained wp-block-group-is-layout-constrained\" style=\"margin-top:0;margin-bottom:0;padding-top:var(--wp--preset--spacing--50);padding-bottom:var(--wp--preset--spacing--50)\">\n<div class=\"wp-block-group alignwide is-layout-grid wp-container-core-group-is-layout-21f393a4 wp-block-group-is-layout-grid\"><\/div>\n<\/div>\n","protected":false},"excerpt":{"rendered":"<p>Rakubrand Hier schw\u00e4rzen Feuer und Rauch den Scherben und das Craquel\u00e9 der Glasur und brennen ihre typischen Spuren in jedes Gef\u00e4\u00df. Aktuelles Weihnachtsmarkt im Rathausfoyer Wiesbaden12.12.-14.12.2025Vernissage:11.12.2025 19:00 Uhr https:\/\/www.kunsthandwerk-wiesbaden.de\/ Raku-Unikate Geschirr Kurse<\/p>\n","protected":false},"author":1,"featured_media":0,"parent":0,"menu_order":0,"comment_status":"closed","ping_status":"closed","template":"","meta":{"footnotes":""},"class_list":["post-7","page","type-page","status-publish","hentry"],"_links":{"self":[{"href":"https:\/\/meine-test-website.online\/index.php?rest_route=\/wp\/v2\/pages\/7","targetHints":{"allow":["GET"]}}],"collection":[{"href":"https:\/\/meine-test-website.online\/index.php?rest_route=\/wp\/v2\/pages"}],"about":[{"href":"https:\/\/meine-test-website.online\/index.php?rest_route=\/wp\/v2\/types\/page"}],"author":[{"embeddable":true,"href":"https:\/\/meine-test-website.online\/index.php?rest_route=\/wp\/v2\/users\/1"}],"replies":[{"embeddable":true,"href":"https:\/\/meine-test-website.online\/index.php?rest_route=%2Fwp%2Fv2%2Fcomments&post=7"}],"version-history":[{"count":4,"href":"https:\/\/meine-test-website.online\/index.php?rest_route=\/wp\/v2\/pages\/7\/revisions"}],"predecessor-version":[{"id":75,"href":"https:\/\/meine-test-website.online\/index.php?rest_route=\/wp\/v2\/pages\/7\/revisions\/75"}],"wp:attachment":[{"href":"https:\/\/meine-test-website.online\/index.php?rest_route=%2Fwp%2Fv2%2Fmedia&parent=7"}],"curies":[{"name":"wp","href":"https:\/\/api.w.org\/{rel}","templated":true}]}}